{"id":782,"date":"2017-09-29T16:49:27","date_gmt":"2017-09-29T14:49:27","guid":{"rendered":"https:\/\/www.acupuncture-suisse.com\/?page_id=782"},"modified":"2018-02-12T12:20:40","modified_gmt":"2018-02-12T11:20:40","slug":"medias","status":"publish","type":"page","link":"https:\/\/www.acupuncture-suisse.com\/en\/medias\/","title":{"rendered":"Presse"},"content":{"rendered":"<p><img loading=\"lazy\" decoding=\"async\" class=\"aligncenter size-full wp-image-1001\" src=\"https:\/\/www.acupuncture-suisse.com\/wp-content\/uploads\/2018\/02\/Generation_plus.png\" alt=\"\" width=\"910\" height=\"724\" srcset=\"https:\/\/www.acupuncture-suisse.com\/wp-content\/uploads\/2018\/02\/Generation_plus.png 910w, https:\/\/www.acupuncture-suisse.com\/wp-content\/uploads\/2018\/02\/Generation_plus-300x239.png 300w, https:\/\/www.acupuncture-suisse.com\/wp-content\/uploads\/2018\/02\/Generation_plus-768x611.png 768w\" sizes=\"auto, (max-width: 910px) 100vw, 910px\" \/><\/p>\n<p>Published in the magazine &#8220;<a href=\"https:\/\/www.generations-plus.ch\/\">G\u00e9n\u00e9ration Plus<\/a>&#8220;, Lausanne, October 2017 &gt; <a href=\"https:\/\/www.acupuncture-suisse.com\/wp-content\/uploads\/2018\/02\/GENERATION_Octobre_2017.pdf\">read the article (pdf to download)<\/a><\/p>\n<p><img loading=\"lazy\" decoding=\"async\" class=\"aligncenter wp-image-1007\" src=\"https:\/\/www.acupuncture-suisse.com\/wp-content\/uploads\/2018\/02\/Generation_plus_mars2015.png\" alt=\"\" width=\"921\" height=\"582\" srcset=\"https:\/\/www.acupuncture-suisse.com\/wp-content\/uploads\/2018\/02\/Generation_plus_mars2015.png 621w, https:\/\/www.acupuncture-suisse.com\/wp-content\/uploads\/2018\/02\/Generation_plus_mars2015-300x189.png 300w\" sizes=\"auto, (max-width: 921px) 100vw, 921px\" \/><\/p>\n<p>&#8220;Sois belle sans chirurgie esth\u00e9tique&#8221;, published in the magazine &#8220;<a href=\"https:\/\/www.generations-plus.ch\/\">G\u00e9n\u00e9ration Plus<\/a>&#8220;, Lausanne, March 2015 &gt; <a href=\"https:\/\/www.generations-plus.ch\/?q=magazine\/sant%C3%A9forme\/bien-%C3%AAtrebeaut%C3%A9\/soyez-belle-sans-chirurgie-esth%C3%A9tique\">read the article<\/a><\/p>\n<p><img loading=\"lazy\" decoding=\"async\" class=\"aligncenter size-full wp-image-1011\" src=\"https:\/\/www.acupuncture-suisse.com\/wp-content\/uploads\/2018\/02\/Lematindimanche_31aout2008.png\" alt=\"\" width=\"944\" height=\"700\" \/><\/p>\n<p>Published in &#8220;Le Matin Dimanche&#8221;, Lausanne, 31 August 2008 &gt; <a href=\"https:\/\/www.acupuncture-suisse.com\/wp-content\/uploads\/2018\/02\/Lematindimanche_31aout2008.pdf\">read the article (pdf to download)<\/a><\/p>\n","protected":false},"excerpt":{"rendered":"<p>Published in the magazine &#8220;G\u00e9n\u00e9ration Plus&#8220;, Lausanne, October 2017 &gt; read the article (pdf to download) &#8220;Sois belle sans chirurgie esth\u00e9tique&#8221;, published in the magazine &#8220;G\u00e9n\u00e9ration Plus&#8220;, Lausanne, March 2015 &gt; read the article Published in &#8220;Le Matin Dimanche&#8221;, Lausanne, 31 August 2008 &gt; read the article (pdf to download)<\/p>\n","protected":false},"author":1,"featured_media":0,"parent":0,"menu_order":0,"comment_status":"closed","ping_status":"closed","template":"","meta":{"footnotes":""},"class_list":{"0":"post-782","1":"page","2":"type-page","3":"status-publish","5":"entry"},"_links":{"self":[{"href":"https:\/\/www.acupuncture-suisse.com\/en\/wp-json\/wp\/v2\/pages\/782","targetHints":{"allow":["GET"]}}],"collection":[{"href":"https:\/\/www.acupuncture-suisse.com\/en\/wp-json\/wp\/v2\/pages"}],"about":[{"href":"https:\/\/www.acupuncture-suisse.com\/en\/wp-json\/wp\/v2\/types\/page"}],"author":[{"embeddable":true,"href":"https:\/\/www.acupuncture-suisse.com\/en\/wp-json\/wp\/v2\/users\/1"}],"replies":[{"embeddable":true,"href":"https:\/\/www.acupuncture-suisse.com\/en\/wp-json\/wp\/v2\/comments?post=782"}],"version-history":[{"count":4,"href":"https:\/\/www.acupuncture-suisse.com\/en\/wp-json\/wp\/v2\/pages\/782\/revisions"}],"predecessor-version":[{"id":1146,"href":"https:\/\/www.acupuncture-suisse.com\/en\/wp-json\/wp\/v2\/pages\/782\/revisions\/1146"}],"wp:attachment":[{"href":"https:\/\/www.acupuncture-suisse.com\/en\/wp-json\/wp\/v2\/media?parent=782"}],"curies":[{"name":"wp","href":"https:\/\/api.w.org\/{rel}","templated":true}]}}